{"id":2636,"date":"2025-05-23T09:30:23","date_gmt":"2025-05-23T09:30:23","guid":{"rendered":"https:\/\/epc-champagne.com\/?post_type=product&#038;p=2636"},"modified":"2025-10-30T16:16:32","modified_gmt":"2025-10-30T16:16:32","slug":"limited-edition-epc-x-quentin-dmr-copie-3","status":"publish","type":"product","link":"https:\/\/epc-champagne.com\/en\/produit\/limited-edition-epc-x-quentin-dmr-copie-3\/","title":{"rendered":"Cool Bag\u00ae EPC"},"content":{"rendered":"<p>[vc_row css=&#8221;.vc_custom_1748007651678{margin-top: 105px !important;margin-bottom: 105px !important;}&#8221; el_class=&#8221;mbc-35&#8243;][vc_column width=&#8221;1\/4&#8243;][\/vc_column][vc_column width=&#8221;1\/2&#8243;][vc_column_text]<\/p>\n<p style=\"text-align: center;\"><span class=\"spacing20 spacing30 text-uppercase\" style=\"font-family: nexa; font-size: 11px; color: #1b3939;\">An inseparable duo<\/span><\/p>\n<p>[\/vc_column_text][vc_column_text css=&#8221;.vc_custom_1761817221294{margin-top: 50px !important;}&#8221;]<\/p>\n<h2 style=\"text-align: center;\"><span class=\"spacing20 spacing30 text-uppercase\" style=\"color: #1b3939; font-family: nexa; font-size: 20px;\">The Blanc de Blancs Brut cuv\u00e9e in its Cool Bag\u00ae EPC <\/span><\/h2>\n<p>[\/vc_column_text][\/vc_column][vc_column width=&#8221;1\/4&#8243;][\/vc_column][\/vc_row][vc_row css=&#8221;.vc_custom_1748003441431{margin-bottom: 135px !important;}&#8221;][vc_column][qcc_text_on_image number=&#8221;01&#8243; title=&#8221;Enjoy our Blanc de Blancs cuv\u00e9e&#8221; image=&#8221;642&#8243;]<\/p>\n<p style=\"text-align: center;\">Originating from the C\u00f4teaux du S\u00e9zannais, this refreshing cuv\u00e9e is reminiscent of citrus fruits and white fruits such as apples. What does it promise? Deliciousness, dynamism and a table of guests who will be asking for a second glass.<\/p>\n<p>[\/qcc_text_on_image][\/vc_column][\/vc_row][vc_row css=&#8221;.vc_custom_1669633147906{margin-bottom: 100px !important;}&#8221; el_class=&#8221;mbc-35&#8243;][vc_column][qcc_text_image align=&#8221;right&#8221; number=&#8221;Le compagnon id\u00e9al&#8221; title=&#8221;Handly freshness&#8221; image=&#8221;2976&#8243;]The Cool Bag\u00ae EPC is designed to keep your bottle of Champagne cool for an hour: the perfect amount of time to savour every bubble in the best possible conditions. Designed for outdoor enjoyment, it can accompany you everywhere: impromptu picnics, sunsets by the water, boat trips or drinks in the park&#8230; it transforms every moment into a celebration. [\/qcc_text_image][\/vc_column][\/vc_row][vc_row css=&#8221;.vc_custom_1669633147906{margin-bottom: 100px !important;}&#8221; el_class=&#8221;mbc-35&#8243;][vc_column][qcc_text_image number=&#8221;Le style \u00e9picurien&#8221; title=&#8221;On the shoulder or crossbody&#8221; image=&#8221;2678&#8243;]With its minimalist design and elegant silhouette, the Cool Bag\u00ae EPC fits easily into your everyday life. Lightweight and practical, it can be carried on the shoulder or across the body, depending on your mood. Much more than just a cooler bag, it&#8217;s a little piece of your lifestyle: free, nomadic and resolutely epicurean. [\/qcc_text_image][\/vc_column][\/vc_row][vc_row css=&#8221;.vc_custom_1748003820760{margin-bottom: 135px !important;}&#8221; el_class=&#8221;mbc-35&#8243;][vc_column][qcc_text_image align=&#8221;right&#8221; number=&#8221;Pens\u00e9 pour durer&#8221; title=&#8221;Infinitely reusable&#8221; image=&#8221;2670&#8243;]Le Cool Bag\u00ae has been designed to accompany you everywhere, for a long time. Reusable, recyclable, and truly beautiful. [\/qcc_text_image][\/vc_column][\/vc_row]<\/p>\n","protected":false},"excerpt":{"rendered":"<p>To give as a gift, treat yourself, or take anywhere: EPC unveils its Blanc de Blancs Brut Champagne in its custom-made eco-friendly cooler bag, the Cool Bag\u00ae, the perfect companion for outdoor Champagne lovers.<\/p>\n","protected":false},"featured_media":2926,"template":"","meta":{"content-type":""},"product_brand":[],"product_cat":[48],"product_tag":[],"class_list":{"0":"post-2636","1":"product","2":"type-product","3":"status-publish","4":"has-post-thumbnail","6":"product_cat-accessories","8":"first","9":"instock","10":"taxable","11":"shipping-taxable","12":"purchasable","13":"product-type-simple"},"yoast_head":"<!-- This site is optimized with the Yoast SEO plugin v27.2 - https:\/\/yoast.com\/product\/yoast-seo-wordpress\/ -->\n<title>Cool Bag\u00ae EPC - Champagne EPC<\/title>\n<meta name=\"robots\" content=\"index, follow, max-snippet:-1, max-image-preview:large, max-video-preview:-1\" \/>\n<link rel=\"canonical\" href=\"https:\/\/epc-champagne.com\/en\/produit\/limited-edition-epc-x-quentin-dmr-copie-3\/\" \/>\n<meta property=\"og:locale\" content=\"en_US\" \/>\n<meta property=\"og:type\" content=\"article\" \/>\n<meta property=\"og:title\" content=\"Cool Bag\u00ae EPC - Champagne EPC\" \/>\n<meta property=\"og:description\" content=\"To give as a gift, treat yourself, or take anywhere: EPC unveils its Blanc de Blancs Brut Champagne in its custom-made eco-friendly cooler bag, the Cool Bag\u00ae, the perfect companion for outdoor Champagne lovers.\" \/>\n<meta property=\"og:url\" content=\"https:\/\/epc-champagne.com\/en\/produit\/limited-edition-epc-x-quentin-dmr-copie-3\/\" \/>\n<meta property=\"og:site_name\" content=\"EPC Champagne\" \/>\n<meta property=\"article:modified_time\" content=\"2025-10-30T16:16:32+00:00\" \/>\n<meta property=\"og:image\" content=\"https:\/\/epc-champagne.com\/app\/uploads\/2025\/10\/Cool-Bag-EPC-1-1.png\" \/>\n\t<meta property=\"og:image:width\" content=\"300\" \/>\n\t<meta property=\"og:image:height\" content=\"600\" \/>\n\t<meta property=\"og:image:type\" content=\"image\/png\" \/>\n<meta name=\"twitter:card\" content=\"summary_large_image\" \/>\n<meta name=\"twitter:label1\" content=\"Est. reading time\" \/>\n\t<meta name=\"twitter:data1\" content=\"2 minutes\" \/>\n<script type=\"application\/ld+json\" class=\"yoast-schema-graph\">{\"@context\":\"https:\/\/schema.org\",\"@graph\":[{\"@type\":\"WebPage\",\"@id\":\"https:\/\/epc-champagne.com\/en\/produit\/limited-edition-epc-x-quentin-dmr-copie-3\/\",\"url\":\"https:\/\/epc-champagne.com\/en\/produit\/limited-edition-epc-x-quentin-dmr-copie-3\/\",\"name\":\"Cool Bag\u00ae EPC - Champagne EPC\",\"isPartOf\":{\"@id\":\"https:\/\/epc-champagne.com\/en\/#website\"},\"primaryImageOfPage\":{\"@id\":\"https:\/\/epc-champagne.com\/en\/produit\/limited-edition-epc-x-quentin-dmr-copie-3\/#primaryimage\"},\"image\":{\"@id\":\"https:\/\/epc-champagne.com\/en\/produit\/limited-edition-epc-x-quentin-dmr-copie-3\/#primaryimage\"},\"thumbnailUrl\":\"https:\/\/epc-champagne.com\/app\/uploads\/2025\/10\/Cool-Bag-EPC-1-1.png\",\"datePublished\":\"2025-05-23T09:30:23+00:00\",\"dateModified\":\"2025-10-30T16:16:32+00:00\",\"breadcrumb\":{\"@id\":\"https:\/\/epc-champagne.com\/en\/produit\/limited-edition-epc-x-quentin-dmr-copie-3\/#breadcrumb\"},\"inLanguage\":\"en-US\",\"potentialAction\":[{\"@type\":\"ReadAction\",\"target\":[\"https:\/\/epc-champagne.com\/en\/produit\/limited-edition-epc-x-quentin-dmr-copie-3\/\"]}]},{\"@type\":\"ImageObject\",\"inLanguage\":\"en-US\",\"@id\":\"https:\/\/epc-champagne.com\/en\/produit\/limited-edition-epc-x-quentin-dmr-copie-3\/#primaryimage\",\"url\":\"https:\/\/epc-champagne.com\/app\/uploads\/2025\/10\/Cool-Bag-EPC-1-1.png\",\"contentUrl\":\"https:\/\/epc-champagne.com\/app\/uploads\/2025\/10\/Cool-Bag-EPC-1-1.png\",\"width\":300,\"height\":600},{\"@type\":\"BreadcrumbList\",\"@id\":\"https:\/\/epc-champagne.com\/en\/produit\/limited-edition-epc-x-quentin-dmr-copie-3\/#breadcrumb\",\"itemListElement\":[{\"@type\":\"ListItem\",\"position\":1,\"name\":\"Accueil\",\"item\":\"https:\/\/epc-champagne.com\/en\/\"},{\"@type\":\"ListItem\",\"position\":2,\"name\":\"Buy\",\"item\":\"https:\/\/epc-champagne.com\/en\/shop-2\/\"},{\"@type\":\"ListItem\",\"position\":3,\"name\":\"Cool Bag\u00ae EPC\"}]},{\"@type\":\"WebSite\",\"@id\":\"https:\/\/epc-champagne.com\/en\/#website\",\"url\":\"https:\/\/epc-champagne.com\/en\/\",\"name\":\"EPC Champagne\",\"description\":\"Champagne 100% tra\u00e7able, moins de sucre, moins de sulfites, + de mmmm..!\",\"potentialAction\":[{\"@type\":\"SearchAction\",\"target\":{\"@type\":\"EntryPoint\",\"urlTemplate\":\"https:\/\/epc-champagne.com\/en\/?s={search_term_string}\"},\"query-input\":{\"@type\":\"PropertyValueSpecification\",\"valueRequired\":true,\"valueName\":\"search_term_string\"}}],\"inLanguage\":\"en-US\"}]}<\/script>\n<!-- \/ Yoast SEO plugin. -->","yoast_head_json":{"title":"Cool Bag\u00ae EPC - Champagne EPC","robots":{"index":"index","follow":"follow","max-snippet":"max-snippet:-1","max-image-preview":"max-image-preview:large","max-video-preview":"max-video-preview:-1"},"canonical":"https:\/\/epc-champagne.com\/en\/produit\/limited-edition-epc-x-quentin-dmr-copie-3\/","og_locale":"en_US","og_type":"article","og_title":"Cool Bag\u00ae EPC - Champagne EPC","og_description":"To give as a gift, treat yourself, or take anywhere: EPC unveils its Blanc de Blancs Brut Champagne in its custom-made eco-friendly cooler bag, the Cool Bag\u00ae, the perfect companion for outdoor Champagne lovers.","og_url":"https:\/\/epc-champagne.com\/en\/produit\/limited-edition-epc-x-quentin-dmr-copie-3\/","og_site_name":"EPC Champagne","article_modified_time":"2025-10-30T16:16:32+00:00","og_image":[{"width":300,"height":600,"url":"https:\/\/epc-champagne.com\/app\/uploads\/2025\/10\/Cool-Bag-EPC-1-1.png","type":"image\/png"}],"twitter_card":"summary_large_image","twitter_misc":{"Est. reading time":"2 minutes"},"schema":{"@context":"https:\/\/schema.org","@graph":[{"@type":"WebPage","@id":"https:\/\/epc-champagne.com\/en\/produit\/limited-edition-epc-x-quentin-dmr-copie-3\/","url":"https:\/\/epc-champagne.com\/en\/produit\/limited-edition-epc-x-quentin-dmr-copie-3\/","name":"Cool Bag\u00ae EPC - Champagne EPC","isPartOf":{"@id":"https:\/\/epc-champagne.com\/en\/#website"},"primaryImageOfPage":{"@id":"https:\/\/epc-champagne.com\/en\/produit\/limited-edition-epc-x-quentin-dmr-copie-3\/#primaryimage"},"image":{"@id":"https:\/\/epc-champagne.com\/en\/produit\/limited-edition-epc-x-quentin-dmr-copie-3\/#primaryimage"},"thumbnailUrl":"https:\/\/epc-champagne.com\/app\/uploads\/2025\/10\/Cool-Bag-EPC-1-1.png","datePublished":"2025-05-23T09:30:23+00:00","dateModified":"2025-10-30T16:16:32+00:00","breadcrumb":{"@id":"https:\/\/epc-champagne.com\/en\/produit\/limited-edition-epc-x-quentin-dmr-copie-3\/#breadcrumb"},"inLanguage":"en-US","potentialAction":[{"@type":"ReadAction","target":["https:\/\/epc-champagne.com\/en\/produit\/limited-edition-epc-x-quentin-dmr-copie-3\/"]}]},{"@type":"ImageObject","inLanguage":"en-US","@id":"https:\/\/epc-champagne.com\/en\/produit\/limited-edition-epc-x-quentin-dmr-copie-3\/#primaryimage","url":"https:\/\/epc-champagne.com\/app\/uploads\/2025\/10\/Cool-Bag-EPC-1-1.png","contentUrl":"https:\/\/epc-champagne.com\/app\/uploads\/2025\/10\/Cool-Bag-EPC-1-1.png","width":300,"height":600},{"@type":"BreadcrumbList","@id":"https:\/\/epc-champagne.com\/en\/produit\/limited-edition-epc-x-quentin-dmr-copie-3\/#breadcrumb","itemListElement":[{"@type":"ListItem","position":1,"name":"Accueil","item":"https:\/\/epc-champagne.com\/en\/"},{"@type":"ListItem","position":2,"name":"Buy","item":"https:\/\/epc-champagne.com\/en\/shop-2\/"},{"@type":"ListItem","position":3,"name":"Cool Bag\u00ae EPC"}]},{"@type":"WebSite","@id":"https:\/\/epc-champagne.com\/en\/#website","url":"https:\/\/epc-champagne.com\/en\/","name":"EPC Champagne","description":"Champagne 100% tra\u00e7able, moins de sucre, moins de sulfites, + de mmmm..!","potentialAction":[{"@type":"SearchAction","target":{"@type":"EntryPoint","urlTemplate":"https:\/\/epc-champagne.com\/en\/?s={search_term_string}"},"query-input":{"@type":"PropertyValueSpecification","valueRequired":true,"valueName":"search_term_string"}}],"inLanguage":"en-US"}]}},"_links":{"self":[{"href":"https:\/\/epc-champagne.com\/en\/wp-json\/wp\/v2\/product\/2636","targetHints":{"allow":["GET"]}}],"collection":[{"href":"https:\/\/epc-champagne.com\/en\/wp-json\/wp\/v2\/product"}],"about":[{"href":"https:\/\/epc-champagne.com\/en\/wp-json\/wp\/v2\/types\/product"}],"wp:featuredmedia":[{"embeddable":true,"href":"https:\/\/epc-champagne.com\/en\/wp-json\/wp\/v2\/media\/2926"}],"wp:attachment":[{"href":"https:\/\/epc-champagne.com\/en\/wp-json\/wp\/v2\/media?parent=2636"}],"wp:term":[{"taxonomy":"product_brand","embeddable":true,"href":"https:\/\/epc-champagne.com\/en\/wp-json\/wp\/v2\/product_brand?post=2636"},{"taxonomy":"product_cat","embeddable":true,"href":"https:\/\/epc-champagne.com\/en\/wp-json\/wp\/v2\/product_cat?post=2636"},{"taxonomy":"product_tag","embeddable":true,"href":"https:\/\/epc-champagne.com\/en\/wp-json\/wp\/v2\/product_tag?post=2636"}],"curies":[{"name":"wp","href":"https:\/\/api.w.org\/{rel}","templated":true}]}}