{"id":2104,"date":"2022-11-21T11:20:00","date_gmt":"2022-11-21T11:20:00","guid":{"rendered":"https:\/\/epc-champagne.com\/produit\/blanc-de-noirs\/"},"modified":"2025-10-28T15:24:37","modified_gmt":"2025-10-28T15:24:37","slug":"blanc-de-noirs","status":"publish","type":"product","link":"https:\/\/epc-champagne.com\/en\/produit\/blanc-de-noirs\/","title":{"rendered":"Blanc de Noirs"},"content":{"rendered":"<p>[vc_row][vc_column][qcc_slider_full_width images=&#8221;653,659,666&#8243;][\/vc_column][\/vc_row][vc_row css=&#8221;.vc_custom_1669630004893{margin-top: 135px !important;margin-bottom: 135px !important;}&#8221; el_class=&#8221;mbc-35&#8243;][vc_column width=&#8221;1\/3&#8243;][\/vc_column][vc_column width=&#8221;1\/3&#8243;][vc_column_text]<\/p>\n<p style=\"text-align: center;\"><span class=\"spacing20 spacing30 text-uppercase\" style=\"font-family: nexa; font-size: 11px; color: #1b3939;\">Blanc de noirs<\/span><\/p>\n<p>[\/vc_column_text][vc_column_text css=&#8221;.vc_custom_1669208517744{margin-top: 50px !important;}&#8221;]<\/p>\n<h2 style=\"text-align: center;\"><span class=\"spacing20 spacing30 text-uppercase\" style=\"color: #1b3939; font-family: nexa; font-size: 20px;\">More details<\/span><\/h2>\n<p>[\/vc_column_text][\/vc_column][vc_column width=&#8221;1\/3&#8243;][\/vc_column][\/vc_row][vc_row css=&#8221;.vc_custom_1669629920775{margin-bottom: 100px !important;}&#8221; el_class=&#8221;mbc-35&#8243;][vc_column][qcc_text_on_image align=&#8221;right&#8221; number=&#8221;01&#8243; title=&#8221;Terroir&#8221; image=&#8221;1441&#8243;]<\/p>\n<p style=\"text-align: center;\"><span style=\"font-size: 16px;\">Follow these beautiful valleys and plunge into the heart of the C\u00f4te des Bar, the birthplace of pinot noir! Champagne&#8217;s most southerly terroir is dotted with numerous rivers which, over the years, have created a superb landscape of limestone hillsides, ideal for growing this star grape variety. <\/span><\/p>\n<p>[\/qcc_text_on_image][\/vc_column][\/vc_row][vc_row css=&#8221;.vc_custom_1669629924943{margin-bottom: 215px !important;}&#8221; el_class=&#8221;mbc-35&#8243;][vc_column][qcc_text_on_image number=&#8221;02&#8243; title=&#8221;Wine pairing&#8221; image=&#8221;2559&#8243;]<\/p>\n<p style=\"text-align: center;\">To fully appreciate the nuances of Blanc de Noirs, pair it with Jean-Fran\u00e7ois Pi\u00e8ge&#8217;s iconic souffl\u00e9 pizza, followed by a delightful pavlova topped with fresh red berries.<\/p>\n<p>[\/qcc_text_on_image][\/vc_column][\/vc_row][vc_row full_width=&#8221;stretch_row&#8221; css=&#8221;.vc_custom_1667565375303{padding-top: 165px !important;padding-bottom: 165px !important;background-image: url(https:\/\/epc-champagne.com\/app\/uploads\/2022\/11\/Rectangle-935-copie.png?id=101) !important;background-position: center !important;background-repeat: no-repeat !important;background-size: cover !important;}&#8221;][vc_column width=&#8221;1\/4&#8243;][\/vc_column][vc_column width=&#8221;1\/2&#8243;][vc_column_text css=&#8221;.vc_custom_1667565306375{margin-bottom: 50px !important;}&#8221;]<\/p>\n<p style=\"text-align: center;\"><span class=\"spacing20 spacing30\" style=\"font-family: nexa; font-size: 11px; color: #fbf8f5;\">03<\/span><\/p>\n<p>[\/vc_column_text][qcc_title_multi_size title=&#8221;<em>The <\/em> Epicurean Guide&#8221;][vc_column_text css=&#8221;.vc_custom_1669208270006{margin-top: 30px !important;}&#8221;]<\/p>\n<p style=\"text-align: center;\"><span style=\"color: #fbf8f5; font-family: forum; font-size: 18px;\"><span style=\"font-weight: 400;\">Dive into a concentrate of flavorful recommendations. On the menu: must-try food and wine pairings, places to get away from it all, events that couldn&#8217;t be more enticing, and anecdotes that are sure to please. <\/span><\/span><\/p>\n<p>[\/vc_column_text][qcc_btn color=&#8221;epc-secondary&#8221; align=&#8221;center&#8221; style=&#8221;underline&#8221; label=&#8221;&#8221; link=&#8221;url:https%3A%2F%2Fepc-champagne.com%2Fen%2Fguide-de-lepicurisme%2F|title:Discover||&#8221;][\/vc_column][vc_column width=&#8221;1\/4&#8243;][\/vc_column][\/vc_row][vc_row full_width=&#8221;stretch_row&#8221; css=&#8221;.vc_custom_1669482018223{padding-top: 110px !important;padding-bottom: 75px !important;background-color: #fbf8f5 !important;}&#8221; el_class=&#8221;manifest&#8221;][vc_column][vc_column_text el_class=&#8221;lh-11&#8243;]<span class=\"text-uppercase\" style=\"font-family: forum; font-size: 52px;\"><span style=\"font-weight: 400;\">&#8230; singing at the top of your voice and not just in the shower, gazing at nature, drinking Champagne from a blida, licking your fingers when it&#8217;s too good, helping yourself to more and not just a little, talking with your mouth full, laughing at the top of your lungs, kissing whoever you like.<\/span><\/span>[\/vc_column_text][\/vc_column][\/vc_row]<\/p>\n","protected":false},"excerpt":{"rendered":"<p><span style=\"font-weight: 400;\">Discover the fine bubbles of Blanc de Noirs Brut, a fresh, elegant wine offering roundness and power. It&#8217;s a Champagne that&#8217;s not just intriguing by name&#8230; <\/span><\/p>\n","protected":false},"featured_media":1661,"template":"","meta":{"content-type":""},"product_brand":[],"product_cat":[36],"product_tag":[],"class_list":{"0":"post-2104","1":"product","2":"type-product","3":"status-publish","4":"has-post-thumbnail","6":"product_cat-the-great-ones","8":"first","9":"instock","10":"taxable","11":"shipping-taxable","12":"purchasable","13":"product-type-simple"},"yoast_head":"<!-- This site is optimized with the Yoast SEO plugin v27.2 - https:\/\/yoast.com\/product\/yoast-seo-wordpress\/ -->\n<title>Blanc de Noirs - EPC Champagne<\/title>\n<meta name=\"robots\" content=\"index, follow, max-snippet:-1, max-image-preview:large, max-video-preview:-1\" \/>\n<link rel=\"canonical\" href=\"https:\/\/epc-champagne.com\/en\/produit\/blanc-de-noirs\/\" \/>\n<meta property=\"og:locale\" content=\"en_US\" \/>\n<meta property=\"og:type\" content=\"article\" \/>\n<meta property=\"og:title\" content=\"Blanc de Noirs - EPC Champagne\" \/>\n<meta property=\"og:description\" content=\"Discover the fine bubbles of Blanc de Noirs Brut, a fresh, elegant wine offering roundness and power. It&#039;s a Champagne that&#039;s not just intriguing by name...\" \/>\n<meta property=\"og:url\" content=\"https:\/\/epc-champagne.com\/en\/produit\/blanc-de-noirs\/\" \/>\n<meta property=\"og:site_name\" content=\"EPC Champagne\" \/>\n<meta property=\"article:modified_time\" content=\"2025-10-28T15:24:37+00:00\" \/>\n<meta property=\"og:image\" content=\"https:\/\/epc-champagne.com\/app\/uploads\/2022\/11\/Champagne-EPC-Blanc-de-noirs.png\" \/>\n\t<meta property=\"og:image:width\" content=\"2866\" \/>\n\t<meta property=\"og:image:height\" content=\"5987\" \/>\n\t<meta property=\"og:image:type\" content=\"image\/png\" \/>\n<meta name=\"twitter:card\" content=\"summary_large_image\" \/>\n<meta name=\"twitter:label1\" content=\"Est. reading time\" \/>\n\t<meta name=\"twitter:data1\" content=\"2 minutes\" \/>\n<script type=\"application\/ld+json\" class=\"yoast-schema-graph\">{\"@context\":\"https:\/\/schema.org\",\"@graph\":[{\"@type\":\"WebPage\",\"@id\":\"https:\/\/epc-champagne.com\/en\/produit\/blanc-de-noirs\/\",\"url\":\"https:\/\/epc-champagne.com\/en\/produit\/blanc-de-noirs\/\",\"name\":\"Blanc de Noirs - EPC Champagne\",\"isPartOf\":{\"@id\":\"https:\/\/epc-champagne.com\/en\/#website\"},\"primaryImageOfPage\":{\"@id\":\"https:\/\/epc-champagne.com\/en\/produit\/blanc-de-noirs\/#primaryimage\"},\"image\":{\"@id\":\"https:\/\/epc-champagne.com\/en\/produit\/blanc-de-noirs\/#primaryimage\"},\"thumbnailUrl\":\"https:\/\/epc-champagne.com\/app\/uploads\/2022\/11\/Champagne-EPC-Blanc-de-noirs.png\",\"datePublished\":\"2022-11-21T11:20:00+00:00\",\"dateModified\":\"2025-10-28T15:24:37+00:00\",\"breadcrumb\":{\"@id\":\"https:\/\/epc-champagne.com\/en\/produit\/blanc-de-noirs\/#breadcrumb\"},\"inLanguage\":\"en-US\",\"potentialAction\":[{\"@type\":\"ReadAction\",\"target\":[\"https:\/\/epc-champagne.com\/en\/produit\/blanc-de-noirs\/\"]}]},{\"@type\":\"ImageObject\",\"inLanguage\":\"en-US\",\"@id\":\"https:\/\/epc-champagne.com\/en\/produit\/blanc-de-noirs\/#primaryimage\",\"url\":\"https:\/\/epc-champagne.com\/app\/uploads\/2022\/11\/Champagne-EPC-Blanc-de-noirs.png\",\"contentUrl\":\"https:\/\/epc-champagne.com\/app\/uploads\/2022\/11\/Champagne-EPC-Blanc-de-noirs.png\",\"width\":2866,\"height\":5987},{\"@type\":\"BreadcrumbList\",\"@id\":\"https:\/\/epc-champagne.com\/en\/produit\/blanc-de-noirs\/#breadcrumb\",\"itemListElement\":[{\"@type\":\"ListItem\",\"position\":1,\"name\":\"Accueil\",\"item\":\"https:\/\/epc-champagne.com\/en\/\"},{\"@type\":\"ListItem\",\"position\":2,\"name\":\"Buy\",\"item\":\"https:\/\/epc-champagne.com\/en\/shop-2\/\"},{\"@type\":\"ListItem\",\"position\":3,\"name\":\"Blanc de Noirs\"}]},{\"@type\":\"WebSite\",\"@id\":\"https:\/\/epc-champagne.com\/en\/#website\",\"url\":\"https:\/\/epc-champagne.com\/en\/\",\"name\":\"EPC Champagne\",\"description\":\"Champagne 100% tra\u00e7able, moins de sucre, moins de sulfites, + de mmmm..!\",\"potentialAction\":[{\"@type\":\"SearchAction\",\"target\":{\"@type\":\"EntryPoint\",\"urlTemplate\":\"https:\/\/epc-champagne.com\/en\/?s={search_term_string}\"},\"query-input\":{\"@type\":\"PropertyValueSpecification\",\"valueRequired\":true,\"valueName\":\"search_term_string\"}}],\"inLanguage\":\"en-US\"}]}<\/script>\n<!-- \/ Yoast SEO plugin. -->","yoast_head_json":{"title":"Blanc de Noirs - EPC Champagne","robots":{"index":"index","follow":"follow","max-snippet":"max-snippet:-1","max-image-preview":"max-image-preview:large","max-video-preview":"max-video-preview:-1"},"canonical":"https:\/\/epc-champagne.com\/en\/produit\/blanc-de-noirs\/","og_locale":"en_US","og_type":"article","og_title":"Blanc de Noirs - EPC Champagne","og_description":"Discover the fine bubbles of Blanc de Noirs Brut, a fresh, elegant wine offering roundness and power. It's a Champagne that's not just intriguing by name...","og_url":"https:\/\/epc-champagne.com\/en\/produit\/blanc-de-noirs\/","og_site_name":"EPC Champagne","article_modified_time":"2025-10-28T15:24:37+00:00","og_image":[{"width":2866,"height":5987,"url":"https:\/\/epc-champagne.com\/app\/uploads\/2022\/11\/Champagne-EPC-Blanc-de-noirs.png","type":"image\/png"}],"twitter_card":"summary_large_image","twitter_misc":{"Est. reading time":"2 minutes"},"schema":{"@context":"https:\/\/schema.org","@graph":[{"@type":"WebPage","@id":"https:\/\/epc-champagne.com\/en\/produit\/blanc-de-noirs\/","url":"https:\/\/epc-champagne.com\/en\/produit\/blanc-de-noirs\/","name":"Blanc de Noirs - EPC Champagne","isPartOf":{"@id":"https:\/\/epc-champagne.com\/en\/#website"},"primaryImageOfPage":{"@id":"https:\/\/epc-champagne.com\/en\/produit\/blanc-de-noirs\/#primaryimage"},"image":{"@id":"https:\/\/epc-champagne.com\/en\/produit\/blanc-de-noirs\/#primaryimage"},"thumbnailUrl":"https:\/\/epc-champagne.com\/app\/uploads\/2022\/11\/Champagne-EPC-Blanc-de-noirs.png","datePublished":"2022-11-21T11:20:00+00:00","dateModified":"2025-10-28T15:24:37+00:00","breadcrumb":{"@id":"https:\/\/epc-champagne.com\/en\/produit\/blanc-de-noirs\/#breadcrumb"},"inLanguage":"en-US","potentialAction":[{"@type":"ReadAction","target":["https:\/\/epc-champagne.com\/en\/produit\/blanc-de-noirs\/"]}]},{"@type":"ImageObject","inLanguage":"en-US","@id":"https:\/\/epc-champagne.com\/en\/produit\/blanc-de-noirs\/#primaryimage","url":"https:\/\/epc-champagne.com\/app\/uploads\/2022\/11\/Champagne-EPC-Blanc-de-noirs.png","contentUrl":"https:\/\/epc-champagne.com\/app\/uploads\/2022\/11\/Champagne-EPC-Blanc-de-noirs.png","width":2866,"height":5987},{"@type":"BreadcrumbList","@id":"https:\/\/epc-champagne.com\/en\/produit\/blanc-de-noirs\/#breadcrumb","itemListElement":[{"@type":"ListItem","position":1,"name":"Accueil","item":"https:\/\/epc-champagne.com\/en\/"},{"@type":"ListItem","position":2,"name":"Buy","item":"https:\/\/epc-champagne.com\/en\/shop-2\/"},{"@type":"ListItem","position":3,"name":"Blanc de Noirs"}]},{"@type":"WebSite","@id":"https:\/\/epc-champagne.com\/en\/#website","url":"https:\/\/epc-champagne.com\/en\/","name":"EPC Champagne","description":"Champagne 100% tra\u00e7able, moins de sucre, moins de sulfites, + de mmmm..!","potentialAction":[{"@type":"SearchAction","target":{"@type":"EntryPoint","urlTemplate":"https:\/\/epc-champagne.com\/en\/?s={search_term_string}"},"query-input":{"@type":"PropertyValueSpecification","valueRequired":true,"valueName":"search_term_string"}}],"inLanguage":"en-US"}]}},"_links":{"self":[{"href":"https:\/\/epc-champagne.com\/en\/wp-json\/wp\/v2\/product\/2104","targetHints":{"allow":["GET"]}}],"collection":[{"href":"https:\/\/epc-champagne.com\/en\/wp-json\/wp\/v2\/product"}],"about":[{"href":"https:\/\/epc-champagne.com\/en\/wp-json\/wp\/v2\/types\/product"}],"wp:featuredmedia":[{"embeddable":true,"href":"https:\/\/epc-champagne.com\/en\/wp-json\/wp\/v2\/media\/1661"}],"wp:attachment":[{"href":"https:\/\/epc-champagne.com\/en\/wp-json\/wp\/v2\/media?parent=2104"}],"wp:term":[{"taxonomy":"product_brand","embeddable":true,"href":"https:\/\/epc-champagne.com\/en\/wp-json\/wp\/v2\/product_brand?post=2104"},{"taxonomy":"product_cat","embeddable":true,"href":"https:\/\/epc-champagne.com\/en\/wp-json\/wp\/v2\/product_cat?post=2104"},{"taxonomy":"product_tag","embeddable":true,"href":"https:\/\/epc-champagne.com\/en\/wp-json\/wp\/v2\/product_tag?post=2104"}],"curies":[{"name":"wp","href":"https:\/\/api.w.org\/{rel}","templated":true}]}}